{"id":2502,"date":"2017-10-26T10:35:37","date_gmt":"2017-10-26T10:35:37","guid":{"rendered":"http:\/\/www.de-juan.es\/politica-de-cookies\/"},"modified":"2018-09-17T11:37:05","modified_gmt":"2018-09-17T11:37:05","slug":"politica-de-cookies","status":"publish","type":"page","link":"https:\/\/www.de-juan.es\/en\/politica-de-cookies\/","title":{"rendered":"COOKIE POLICY"},"content":{"rendered":"<p><b>POL\u00cdTICA DE COOKIES<\/b> El prestador por su propia cuenta o la de un tercero contratado para la prestaci\u00f3n de servicios de medici\u00f3n pueden utilizar cookies cuando un usuario navega por el sitio web. Las cookies son ficheros enviados al navegador por medio de un servidor web con la finalidad de registrar las actividades del usuario durante su tiempo de navegaci\u00f3n. Las cookies utilizadas por el sitio web se asocian \u00fanicamente con un usuario an\u00f3nimo y su ordenador y no proporcionan por s\u00ed mismas los datos personales del usuario. Mediante el uso de las cookies resulta posible que el servidor donde se encuentra la web reconozca el navegador web utilizado por el usuario con la finalidad de que la navegaci\u00f3n sea m\u00e1s sencilla permitiendo por ejemplo el acceso a los usuarios que se hayan registrado previamente acceder a las \u00e1reas servicios promociones o concursos reservados exclusivamente a ellos sin tener que registrarse en cada visita. Se utilizan tambi\u00e9n para medir la audiencia y par\u00e1metros del tr\u00e1fico controlar el progreso y n\u00famero de entradas. El usuario tiene la posibilidad de configurar su navegador para ser avisado de la recepci\u00f3n de cookies y para impedir su instalaci\u00f3n en su equipo. Por favor consulte las instrucciones y manuales de su navegador para ampliar esta informaci\u00f3n. Para utilizar el sitio web no resulta necesario que el usuario permita la instalaci\u00f3n de las cookies enviadas por el sitio web o el tercero que act\u00fae en su nombre sin perjuicio de que sea necesario que el usuario inicie una sesi\u00f3n como tal en cada uno de los servicios cuya prestaci\u00f3n requiera el previo registro o &#8216;login&#8217;. Las cookies utilizadas en este sitio web tienen en todo caso car\u00e1cter temporal con la \u00fanica finalidad de hacer m\u00e1s eficaz su transmisi\u00f3n ulterior. En ning\u00fan caso se utilizar\u00e1n las cookies para recoger informaci\u00f3n de car\u00e1cter personal. Tabla de Cookies utilizadas: <\/p>\n<table style='height: 4967px;' width='700'>\n<tbody>\n<tr>\n<td width='120'><strong>NOMBRE DE LA COOKIE <\/strong><\/td>\n<td width='92'><strong>CADUCIDAD DE LA COOKIE<\/strong><\/td>\n<td width='462'><strong>DESCRIPCI\u00d3N Y OBJETIVO DE LA COOKIE<\/strong><\/td>\n<\/tr>\n<tr>\n<td width='120'>terms<\/td>\n<td width='92'>1 a\u00f1o<\/td>\n<td width='462'>Esta cookie del propio dominio es configurada por nuestro sitio web para marcar el consentimiento del usuario para utilizar cookies mientras se ve el sitio. Esto impide que se le muestre al usuario el banner de cookies cada vez que visita nuestro sitio. Esta cookie no realiza ning\u00fan seguimiento de la informaci\u00f3n personal del usuario.<\/td>\n<\/tr>\n<tr>\n<td width='120'>WT_FPC<\/td>\n<td width='92'>10 a\u00f1os<\/td>\n<td width='462'>Esta cookie del propio dominio es utilizada por el servicio de an\u00e1lisis de Web Trends para recopilar informaci\u00f3n sobre el modo en el que los usuarios utilizan nuestro sitio. Recopila informaci\u00f3n de forma an\u00f3nima como el n\u00famero de visitantes que ha recibido el sitio y las p\u00e1ginas visitadas. Utilizamos esta informaci\u00f3n para mejorar el sitio y la experiencia del usuario. Esta cookie no nos permite identificar personalmente al usuario ya que no se realiza ning\u00fan seguimiento de su informaci\u00f3n personal.<\/td>\n<\/tr>\n<tr>\n<td width='120'>ACOOKIE<\/td>\n<td width='92'>2 a\u00f1os<\/td>\n<td width='462'>Esta cookie de terceros es utilizada por el servicio de an\u00e1lisis de Web Trends para identificar la sesi\u00f3n del usuario en nuestro sitio web. Esta cookie recopila informaci\u00f3n de forma an\u00f3nima y no nos permite identificar personalmente a ning\u00fan usuario ya que no se realiza ning\u00fan seguimiento de informaci\u00f3n personal.<\/td>\n<\/tr>\n<tr>\n<td width='120'>__utma<\/td>\n<td width='92'>2 a\u00f1os<\/td>\n<td width='462'>Esta cookie de terceros es creada por Google Analytics y se utiliza para diferenciar usuarios y sesiones al tiempo que genera estad\u00edsticas acerca del tr\u00e1fico del sitio web.<\/td>\n<\/tr>\n<tr>\n<td width='120'>__utmt<\/td>\n<td width='92'>10 minutos<\/td>\n<td width='462'>Esta cookie del propio dominio creada por Google Analytics se utiliza para procesar las solicitudes del usuario y para generar estad\u00edsticas acerca del tr\u00e1fico del sitio web.<\/td>\n<\/tr>\n<tr>\n<td width='120'>__utmb<\/td>\n<td width='92'>30 minutos<\/td>\n<td width='462'>Esta cookie del propio dominio creada por Google Analytics se utiliza para determinar nuevas sesiones o visitas as\u00ed como para generar estad\u00edsticas acerca del tr\u00e1fico del sitio web.<\/td>\n<\/tr>\n<tr>\n<td width='120'>__utmc<\/td>\n<td width='92'>Fin de la sesi\u00f3n<\/td>\n<td width='462'>Esta cookie del propio dominio creada por Google Analytics est\u00e1 configurada para interactuar con urchin.js. Anteriormente esta cookie actuaba con la cookie __utmb para determinar si el usuario estaba en una nueva sesi\u00f3n o visita.<\/td>\n<\/tr>\n<tr>\n<td width='120'>__utmz<\/td>\n<td width='92'>6 meses<\/td>\n<td width='462'>Esta cookie del propio dominio creada por Google Analytics se utiliza para identificar el origen del tr\u00e1fico o campa\u00f1a al sitio que explican c\u00f3mo ha llegado el usuario al sitio.<\/td>\n<\/tr>\n<tr>\n<td width='120'>__utmv<\/td>\n<td width='92'>2 a\u00f1os<\/td>\n<td width='462'>Esta cookie del propio dominio ofrecida por Google Analytics se utiliza para guardar los datos de variables personalizadas a nivel de visitante y genera estad\u00edsticas acerca del tr\u00e1fico del sitio web.<\/td>\n<\/tr>\n<tr>\n<td width='120'>incap_ses_*_*<br \/> visid_incap_*_*<br \/> __utmva*<br \/> __utmvb*<br \/> __utmvm*___utmvc<\/td>\n<td width='92'>Fin de la sesi\u00f3n<br \/> 2 a\u00f1os15 minutos15 minutos15 minutos<br \/> Fin de la sesi\u00f3n<\/td>\n<td width='462'>Estas cookies del propio dominio son configuradas por un servicio de terceros para filtrar autom\u00e1ticamente solicitudes maliciosas.<\/td>\n<\/tr>\n<tr>\n<td width='120'>_ga<\/td>\n<td width='92'>2 a\u00f1os<\/td>\n<td width='362'>Esta cookie de terceros de Google Analytics se utiliza para diferenciar usuarios al recopilar informaci\u00f3n acerca de visitas a la p\u00e1gina. Esta cookie le ayuda a identificar qu\u00e9 \u00e1reas del sitio web se deben mejorar. La cookie _ga no permite a Monsanto identificar personalmente al usuario ya que no se realiza ning\u00fan seguimiento de los datos ni de la informaci\u00f3n personal.<\/td>\n<\/tr>\n<tr>\n<td width='120'>_gat*<\/td>\n<td width='92'>10 minutos<\/td>\n<td width='462'>Esta cookie de terceros de Google Analytics es utilizada por Google Analytics para monitorizar la tasa de solicitudes hacia sus servidores. Esta cookie le ayuda a Monsanto a identificar qu\u00e9 \u00e1reas del sitio web se deben mejorar. La cookie _gat no permite a Monsanto identificar personalmente al usuario ya que no se realiza ning\u00fan seguimiento de los datos ni de la informaci\u00f3n personal.<\/td>\n<\/tr>\n<tr>\n<td width='120'>_gid<\/td>\n<td width='92'>24 horas<\/td>\n<td width='362'>.seminis.es<br \/> Esta primera parte analytics.js: se utiliza para distinguir a los usuarios.<\/td>\n<\/tr>\n<tr>\n<td width='120'>YSC<br \/> Visitor_info1_live<br \/> Pref<br \/><span style='font-family: inherit; font-size: inherit;'>Consent<\/span><\/td>\n<td width='92'>Sesi\u00f3n<br \/> 24 horas<br \/> 2 a\u00f1os despu\u00e9s de la lanzamiento<br \/> D\u00edas: 8031<\/td>\n<td width='462'>Podemos incrustar v\u00eddeos alojados externamente en YouTube mediante el modo de privacidad mejorada de YouTube. De acuerdo con la p\u00e1gina de informaci\u00f3n sobre incrustaci\u00f3n de v\u00eddeos de YouTube en este modo YouTube no configurar\u00e1 cookies en su equipo hasta que no haga clic en el reproductor de v\u00eddeos de YouTube. Adem\u00e1s YouTube no guardar\u00e1 informaci\u00f3n de cookies que lo identifique personalmente para las reproducciones de v\u00eddeos incrustados bajo este modo. Dado que estas cookies son configuradas por YouTube no nos es posible controlar su uso directamente. <a href='https:\/\/support.google.com\/youtube\/answer\/171780' target='_blank' rel='noopener'>Puede obtener m\u00e1s informaci\u00f3n en la p\u00e1gina de informaci\u00f3n sobre la incrustaci\u00f3n de v\u00eddeos de YouTube<\/a>. Para obtener m\u00e1s informaci\u00f3n sobre YouTube lea la <a href='https:\/\/policies.google.com\/privacy?hl=en' target='_blank' rel='noopener'>pol\u00edtica de privacidad de YouTube<\/a>.<\/td>\n<\/tr>\n<tr>\n<td width='120'>PHPSESSID<br \/> ASPSESSIONID*<br \/> SESS*<\/td>\n<td width='92'>Fin de la sesi\u00f3n<\/td>\n<td width='462'>Esta cookie del propio dominio se utiliza para guardar la informaci\u00f3n de cada visita al sitio web y para activar la funcionalidad b\u00e1sica del sitio. Esta cookie no contiene ninguna informaci\u00f3n personal y solo dura mientras se realiza la visita ya que se borra tan pronto como el usuario cierra su navegador web.<\/td>\n<\/tr>\n<tr>\n<td width='120'>SIDCC<\/td>\n<td width='92'>3 meses despu\u00e9s de la implemetaci\u00f3n<\/td>\n<td width='462'>.google.com<br \/> Estas cookies de terceros son utilizadas por Google para generar mapas (para nuestro localizador de productos) y para generar im\u00e1genes CAPTCHA para ayudar a proteger nuestros formularios de sitio contra el spam.<\/td>\n<\/tr>\n<tr>\n<td width='120'>SSID\/ SAPISIS\/ HSID\/ SID\/ APISID<\/td>\n<td width='92'>2 a\u00f1os despu\u00e9s de la implemetaci\u00f3n<\/td>\n<td width='462'>.google.com<br \/> Estas cookies de terceros son utilizadas por Google para generar mapas (para nuestro localizador de productos) y para generar im\u00e1genes CAPTCHA para ayudar a proteger nuestros formularios de sitio contra el spam.<\/td>\n<\/tr>\n<tr>\n<td width='120'>CONSENT<\/td>\n<td width='92'>D\u00edas: 8174<\/td>\n<td width='462'>.google.com<br \/> Estas cookies de terceros son utilizadas por Google para generar mapas (para nuestro localizador de productos) y para generar im\u00e1genes CAPTCHA para ayudar a proteger nuestros formularios de sitio contra el spam.<\/td>\n<\/tr>\n<tr>\n<td width='120'>NID<\/td>\n<td width='92'>6 meses despu\u00e9s del implemetaci\u00f3n\/actualizaci\u00f3n<\/td>\n<td width='462'>.google.com<br \/> Estas cookies de terceros son utilizadas por Google para generar mapas (para nuestro localizador de productos) y para generar im\u00e1genes CAPTCHA para ayudar a proteger nuestros formularios de sitio contra el spam.<\/td>\n<\/tr>\n<tr>\n<td width='120'>TDCPM\/ TDID<\/td>\n<td width='92'>1 a\u00f1o desde la actualizaci\u00f3n de implemetaci\u00f3n<\/td>\n<td width='462'>.adsrvr.org<br \/> Estas cookies de terceros registran una identificaci\u00f3n \u00fanica que identifica el dispositivo del usuario que regresa. La identificaci\u00f3n se usa para los anuncios orientados.<\/td>\n<\/tr>\n<tr>\n<td width='120'>demdex\/ dpm<\/td>\n<td width='92'>D\u00edas: 3652<\/td>\n<td width='462'>.demdex.net &amp; .dpm.demdex.net<br \/> cookie persistente de terceros<br \/> Orientaci\u00f3n \/ publicidad<br \/> Estas cookies se utilizan para reproducir anuncios relevantes para usted y sus intereses. Tambi\u00e9n se utilizan para limitar la cantidad de veces que ve un anuncio as\u00ed como para ayudar a medir la efectividad de la campa\u00f1a publicitaria. Por lo general las redes de publicidad lo colocan con el permiso del operador del sitio web. Recuerdan que ha visitado un sitio web y esta informaci\u00f3n se comparte con otras organizaciones como los anunciantes. A menudo las cookies de orientaci\u00f3n o publicidad estar\u00e1n vinculadas a la funcionalidad del sitio proporcionada por la otra organizaci\u00f3n.<\/td>\n<\/tr>\n<\/tbody>\n<\/table>\n<p> Para desactivar las cookies el usuario podr\u00e1 en cualquier momento elegir cu\u00e1les quiere que funcionen en este sitio web mediante: \u2022 la configuraci\u00f3n del navegador; por ejemplo: o Firefox desde http:\/\/support.mozilla.org\/es\/kb\/habilitar-y-deshabilitar-cookies-que-los-sitios-we o Chrome desde http:\/\/support.google.com\/chrome\/bin\/answer.py?hl=es&#038;answer=95647 o Explorer desde http:\/\/windows.microsoft.com\/es-es\/windows7\/how-to-manage-cookies-in-internet-explorer-9 o Safari desde http:\/\/support.apple.com\/kb\/ph5042 \u2022 los sistemas de opt-out espec\u00edficos indicados en la tabla anterior respecto de la cookie de que se trate (estos sistemas pueden conllevar que se instale en su equipo una cookie &#8216;de rechazo&#8217; para que funcione su elecci\u00f3n de desactivaci\u00f3n) \u2022 otras herramientas de terceros disponibles on line que permiten a los usuarios detectar las cookies en cada sitio web que visita y gestionar su desactivaci\u00f3n (por ejemplo Ghostery: http:\/\/www.ghostery.com\/privacy-statement http:\/\/www.ghostery.com\/faq).<\/p>\n","protected":false},"excerpt":{"rendered":"<p>POL\u00cdTICA DE COOKIES El prestador por su propia cuenta o la de un tercero contratado para la prestaci\u00f3n de servicios&#8230;<\/p>\n","protected":false},"author":1,"featured_media":0,"parent":0,"menu_order":0,"comment_status":"closed","ping_status":"open","template":"","meta":{"footnotes":""},"yst_prominent_words":[141,144,147,129,138,160,219,215,126,135,155,152,154,217,134,131,218,216,125,149],"class_list":["post-2502","page","type-page","status-publish","hentry"],"_links":{"self":[{"href":"https:\/\/www.de-juan.es\/en\/wp-json\/wp\/v2\/pages\/2502","targetHints":{"allow":["GET"]}}],"collection":[{"href":"https:\/\/www.de-juan.es\/en\/wp-json\/wp\/v2\/pages"}],"about":[{"href":"https:\/\/www.de-juan.es\/en\/wp-json\/wp\/v2\/types\/page"}],"author":[{"embeddable":true,"href":"https:\/\/www.de-juan.es\/en\/wp-json\/wp\/v2\/users\/1"}],"replies":[{"embeddable":true,"href":"https:\/\/www.de-juan.es\/en\/wp-json\/wp\/v2\/comments?post=2502"}],"version-history":[{"count":0,"href":"https:\/\/www.de-juan.es\/en\/wp-json\/wp\/v2\/pages\/2502\/revisions"}],"wp:attachment":[{"href":"https:\/\/www.de-juan.es\/en\/wp-json\/wp\/v2\/media?parent=2502"}],"wp:term":[{"taxonomy":"yst_prominent_words","embeddable":true,"href":"https:\/\/www.de-juan.es\/en\/wp-json\/wp\/v2\/yst_prominent_words?post=2502"}],"curies":[{"name":"wp","href":"https:\/\/api.w.org\/{rel}","templated":true}]}}