{"id":2453,"date":"2017-10-26T10:25:05","date_gmt":"2017-10-26T10:25:05","guid":{"rendered":"http:\/\/www.de-juan.es\/aviso-legal\/"},"modified":"2018-09-17T11:36:28","modified_gmt":"2018-09-17T11:36:28","slug":"aviso-legal","status":"publish","type":"page","link":"https:\/\/www.de-juan.es\/en\/aviso-legal\/","title":{"rendered":"LEGAL NOTICE"},"content":{"rendered":"<p><b>AVISO LEGAL<\/b><b><u>Datos identificativos del titular del sitio web<\/u><\/b> En cumplimiento del deber de informaci\u00f3n estipulado en el art\u00edculo 10 de la Ley 34\/2002 de 11 de julio de Servicios de la Sociedad de la Informaci\u00f3n y de Comercio Electr\u00f3nico JOSE PELLUZ BERNAL (en lo sucesivo \u201cJOSE PELLUZ\u201d) y en calidad de titular del web site www.de-juan.es procede a comunicarles los datos identificativos exigidos por la referida norma: <b>Denominaci\u00f3n social:<\/b> JOSE PELLUZ BERNAL <b>Domicilio social:<\/b> Vereda del Catal\u00e1n 39 30162 de Santa Cruz (Murcia) <b>CIF:<\/b> 22475727N <b>Direcci\u00f3n de correo electr\u00f3nico:<\/b> i&#x6e;f&#111;&#x40;d&#101;&#x2d;j&#x75;&#x61;n&#x2e;e&#115; <b>Datos de inscripci\u00f3n en el Registro Mercantil:<\/b> JOSE PELLUZ BERNAL La presente informaci\u00f3n conforma y regula las condiciones de uso las limitaciones de responsabilidad y las obligaciones que los usuarios de la p\u00e1gina Web que se publica bajo el nombre de dominio www.de-juan.es asumen y se comprometen a respetar. <b><u>Definiciones <\/u><\/b> \u201cP\u00e1gina\u201d dominio www.de-juan.es que se pone a disposici\u00f3n de los Usuarios de Internet. \u201cUsuario\u201d persona f\u00edsica o jur\u00eddica que utiliza o navega por la P\u00e1gina. \u201cContenido\u201d son las p\u00e1ginas que conforman la totalidad del dominio www.de-juan.es las cuales conforman la informaci\u00f3n y los servicios que JOSE PELLUZ pone a disposici\u00f3n de los Usuarios de Internet. En ellas se contienen los mensajes textos fotograf\u00edas gr\u00e1ficos iconos logos tecnolog\u00eda links texturas dibujos archivos de sonido y\/o imagen grabaciones software aspecto dise\u00f1o gr\u00e1fico y c\u00f3digos fuente y en general cualquier clase de material contenido en la P\u00e1gina. \u201cWeb\u201d palabra t\u00e9cnica que describe el sistema de acceso a la informaci\u00f3n v\u00eda Internet que se configura por medio de p\u00e1ginas confeccionadas con lenguaje HTML o similar y mecanismos de programaci\u00f3n tales como java javascript PHP u otros etc. En estas p\u00e1ginas dise\u00f1adas y publicadas bajo un nombre de dominio Internet son el resultado de la informaci\u00f3n que el titular pone a disposici\u00f3n de los Usuarios de Internet. \u201cHiperenlace\u201d t\u00e9cnica por la cual un Usuario puede navegar por diferentes p\u00e1ginas de la Web o por Internet con un simple click sobre el texto icono bot\u00f3n o indicativo que contiene el enlace. \u201cCookies\u201d medio t\u00e9cnico para la \u201ctrazabilidad\u201d y seguimiento de la navegaci\u00f3n en los sitios Web. Son peque\u00f1os ficheros de texto que se escriben en el ordenador del Usuario. Este m\u00e9todo tiene implicaciones sobre la privacidad por lo que JOSE PELLUZ avisar\u00e1 oportuna y fehacientemente de su utilizaci\u00f3n en el momento en que se implanten en la P\u00e1gina. <b><u>Condiciones de uso <\/u><\/b> La simple y mera utilizaci\u00f3n de la P\u00e1gina otorga la condici\u00f3n de usuario de la P\u00e1gina bien sea persona f\u00edsica o jur\u00eddica y obligatoriamente implica la aceptaci\u00f3n completa plena y sin reservas de todas y cada una de las cl\u00e1usulas y condiciones generales incluidas en el Aviso Legal. Si el Usuario no estuviera conforme con las cl\u00e1usulas y condiciones de uso de este Aviso Legal se abstendr\u00e1 de utilizar la P\u00e1gina. Este Aviso Legal est\u00e1 sujeto a cambios y actualizaciones por lo que la versi\u00f3n publicada por JOSE PELLUZ puede ser diferente en cada momento en que el Usuario acceda al Portal. Por tanto el Usuario debe leer el Aviso Legal en todas y cada una de las ocasiones en que acceda a la P\u00e1gina. A trav\u00e9s de la P\u00e1gina JOSE PELLUZ facilita a los Usuarios el acceso y la utilizaci\u00f3n de diversos Contenidos publicados por medio de Internet por JOSE PELLUZ o por terceros autorizados. El Usuario est\u00e1 obligado y se compromete a utilizar la P\u00e1gina y los Contenidos de conformidad con la legislaci\u00f3n vigente el Aviso Legal y cualquier otro aviso o instrucciones puestos en su conocimiento bien sea por medio de este aviso legal o en cualquier otro lugar dentro de los Contenidos que conforman la P\u00e1gina as\u00ed como con las normas de convivencia la moral y buenas costumbres generalmente aceptadas. A tal efecto el Usuario se obliga y compromete a NO utilizar cualquiera de los Contenidos con fines o efectos il\u00edcitos prohibidos en el Aviso Legal o por la legislaci\u00f3n vigente lesivos de los derechos e intereses de terceros o que de cualquier forma puedan da\u00f1ar inutilizar sobrecargar deteriorar o impedir la normal utilizaci\u00f3n de los Contenidos los equipos inform\u00e1ticos o los documentos archivos y toda clase de contenidos almacenados en cualquier equipo inform\u00e1tico propios o contratados por JOSE PELLUZ de otros Usuarios o de cualquier usuario de Internet (hardware y software). El Usuario se obliga y se compromete a no transmitir difundir o poner a disposici\u00f3n de terceros cualquier clase de material contenido en la P\u00e1gina tales como informaciones textos datos contenidos mensajes gr\u00e1ficos dibujos archivos de sonido y\/o imagen fotograf\u00edas grabaciones software logotipos marcas iconos tecnolog\u00eda fotograf\u00edas software enlaces dise\u00f1o gr\u00e1fico y c\u00f3digos fuente o cualquier otro material al que tuviera acceso en su condici\u00f3n de Usuario de la P\u00e1gina sin que esta enumeraci\u00f3n tenga car\u00e1cter limitativo. Asimismo de conformidad con todo ello el Usuario no podr\u00e1: &#8211; Reproducir copiar distribuir poner a disposici\u00f3n o de cualquier otra forma comunicar p\u00fablicamente transformar o modificar los Contenidos a menos que se cuente con la autorizaci\u00f3n escrita y expl\u00edcita de JOSE PELLUZ que es titular de los correspondientes derechos o bien que ello resulte legalmente permitido. &#8211; Suprimir manipular o de cualquier forma alterar el &#8216;copyright&#8217; y dem\u00e1s datos identificativos de la reserva de derechos de JOSE PELLUZ o de sus titulares de las huellas y\/o identificadores digitales o de cualesquiera otros medios t\u00e9cnicos establecidos para su reconocimiento. El Usuario deber\u00e1 abstenerse de obtener e incluso de intentar obtener los Contenidos empleando para ello medios o procedimientos distintos de los que seg\u00fan los casos se hayan puesto a su disposici\u00f3n a este efecto o se hayan indicado a este efecto en las p\u00e1ginas Web donde se encuentren los Contenidos o en general de los que se empleen habitualmente en Internet a este efecto siempre que no entra\u00f1en un riesgo de da\u00f1o o inutilizaci\u00f3n de la P\u00e1gina y\/o de los Contenidos. <b><u>Propiedad intelectual <\/u><\/b> Todas las marcas nombres comerciales o signos distintivos de cualquier clase que aparecen en la P\u00e1gina son propiedad de JOSE PELLUZ o en su caso de terceros que han autorizado su uso sin que pueda entenderse que el uso o acceso al Portal y\/o a los Contenidos atribuya al Usuario derecho alguno sobre las citadas marcas nombres comerciales y\/o signos distintivos y sin que puedan entenderse cedidos al Usuario ninguno de los derechos de explotaci\u00f3n que existen o puedan existir sobre dichos Contenidos. De igual modo los Contenidos son propiedad intelectual de JOSE PELLUZ o de terceros en su caso por tanto los derechos de Propiedad Intelectual son titularidad de JOSE PELLUZ o de terceros que han autorizado su uso a quienes corresponde el ejercicio exclusivo de los derechos de explotaci\u00f3n de los mismos en cualquier forma y en especial los derechos de reproducci\u00f3n distribuci\u00f3n comunicaci\u00f3n p\u00fablica y transformaci\u00f3n. La utilizaci\u00f3n no autorizada de la informaci\u00f3n contenida en esta Web as\u00ed como la lesi\u00f3n de los derechos de Propiedad Intelectual o Industrial de JOSE PELLUZ o de terceros incluidos en la P\u00e1gina que hayan cedido contenidos dar\u00e1 lugar a las responsabilidades legalmente establecidas. <b><u>Hiperenlaces <\/u><\/b> Aquellas personas que se propongan establecer hiperenlaces entre su p\u00e1gina Web y la P\u00e1gina deber\u00e1n observar y cumplir las condiciones siguientes: &#8211; No ser\u00e1 necesaria autorizaci\u00f3n previa cuando el Hiperenlace permita \u00fanicamente el acceso a la p\u00e1gina de inicio pero no podr\u00e1 reproducirla de ninguna forma. Cualquier otra forma de Hiperenlace requerir\u00e1 la autorizaci\u00f3n expresa e inequ\u00edvoca por escrito por parte de JOSE PELLUZ. &#8211; No se crear\u00e1n \u201cmarcos\u201d (\u201cframes\u201d) con las p\u00e1ginas Web ni sobre las p\u00e1ginas Web de JOSE PELLUZ. &#8211; No se realizar\u00e1n manifestaciones o indicaciones falsas inexactas u ofensivas sobre JOSE PELLUZ sus directivos sus empleados o colaboradores o de las personas que se relacionen en la P\u00e1gina por cualquier motivo o de los Usuarios de las P\u00e1gina o de los Contenidos suministrados. &#8211; No se declarar\u00e1 ni se dar\u00e1 a entender que JOSE PELLUZ ha autorizado el Hiperenlace o que ha supervisado o asumido de cualquier forma los Contenidos ofrecidos o puestos a disposici\u00f3n de la p\u00e1gina Web en la que se establece el Hiperenlace. -La p\u00e1gina Web en la que se establezca el Hiperenlace solo podr\u00e1 contener lo estrictamente necesario para identificar el destino del Hiperenlace. &#8211; La p\u00e1gina Web en la que se establezca el Hiperenlace no contendr\u00e1 informaciones o contenidos il\u00edcitos contrarios a la moral y a las buenas costumbres generalmente aceptadas y al orden p\u00fablico as\u00ed como tampoco contendr\u00e1 contenidos contrarios a cualesquiera derechos de terceros. <b><u>Cookies <\/u><\/b> Las cookies son el medio t\u00e9cnico para la \u201ctrazabilidad\u201d y seguimiento de la navegaci\u00f3n en los Sitios Web. Son peque\u00f1os ficheros de texto que se escriben en el ordenador del Usuario. Este m\u00e9todo tiene implicaciones sobre la privacidad por lo que JOSE PELLUZ informa de que podr\u00e1 utilizar cookies con la finalidad de elaborar estad\u00edsticas de utilizaci\u00f3n del sitio web as\u00ed como para identificar el PC del Usuario permitiendo reconocerle en sus pr\u00f3ximas visitas. En todo caso el usuario puede configurar su navegador para no permitir el uso de cookies en sus visitas al web site. <b><u>Disponibilidad de la P\u00e1gina<\/u><\/b> JOSE PELLUZ no garantiza la inexistencia de interrupciones o errores en el acceso a la P\u00e1gina a sus Contenidos ni que \u00e9ste se encuentren actualizados aunque desarrollar\u00e1 sus mejores esfuerzos para en su caso evitarlos subsanarlos o actualizarlos. Por consiguiente JOSE PELLUZ no se responsabiliza de los da\u00f1os o perjuicios de cualquier tipo producidos en el Usuario que traigan causa de fallos o desconexiones en las redes de telecomunicaciones que produzcan la suspensi\u00f3n cancelaci\u00f3n o interrupci\u00f3n del servicio del Portal durante la prestaci\u00f3n del mismo o con car\u00e1cter previo. JOSE PELLUZ excluye con las excepciones contempladas en la legislaci\u00f3n vigente cualquier responsabilidad por los da\u00f1os y perjuicios de toda naturaleza que puedan deberse a la falta de disponibilidad continuidad o calidad del funcionamiento de la P\u00e1gina y de los Contenidos al no cumplimiento de la expectativa de utilidad que los usuarios hubieren podido atribuir a la P\u00e1gina y a los Contenidos. La funci\u00f3n de los Hiperenlaces que aparecen en esta Web es exclusivamente la de informar al usuario acerca de la existencia de otras Web que contienen informaci\u00f3n sobre la materia. Dichos Hiperenlaces no constituyen sugerencia ni recomendaci\u00f3n alguna. JOSE PELLUZ no se hace responsable de los contenidos de dichas p\u00e1ginas enlazadas del funcionamiento o utilidad de los Hiperenlaces ni del resultado de dichos enlaces ni garantiza la ausencia de virus u otros elementos en los mismos que puedan producir alteraciones en el sistema inform\u00e1tico (hardware y software) los documentos o los ficheros del usuario excluyendo cualquier responsabilidad por los da\u00f1os de cualquier clase causados al usuario por este motivo. El acceso a la P\u00e1gina no implica la obligaci\u00f3n por parte de JOSE PELLUZ de controlar la ausencia de virus gusanos o cualquier otro elemento inform\u00e1tico da\u00f1ino. Corresponde al Usuario en todo caso la disponibilidad de herramientas adecuadas para la detecci\u00f3n y desinfecci\u00f3n de programas inform\u00e1ticos da\u00f1inos por lo tanto JOSE PELLUZ no se hace responsable de los posibles errores de seguridad que se puedan producir durante la prestaci\u00f3n del servicio de la P\u00e1gina ni de los posibles da\u00f1os que puedan causarse al sistema inform\u00e1tico del usuario o de terceros (hardware y software) los ficheros o documentos almacenados en el mismo como consecuencia de la presencia de virus en el ordenador del usuario utilizado para la conexi\u00f3n a los servicios y contenidos de la Web de un mal funcionamiento del navegador o del uso de versiones no actualizadas del mismo. <b><u>Calidad de la P\u00e1gina <\/u><\/b> Dado el entorno din\u00e1mico y cambiante de la informaci\u00f3n y servicios que se suministran por medio de la P\u00e1gina JOSE PELLUZ realiza su mejor esfuerzo pero no garantiza la completa veracidad exactitud fiabilidad utilidad y\/o actualidad de los Contenidos. La informaci\u00f3n contenida en las p\u00e1ginas que componen este Portal s\u00f3lo tiene car\u00e1cter informativo consultivo divulgativo y publicitario. En ning\u00fan caso ofrecen ni tienen car\u00e1cter de compromiso vinculante o contractual. <b><u>Limitaci\u00f3n de responsabilidad <\/u><\/b> JOSE PELLUZ excluye toda responsabilidad por las decisiones que el Usuario pueda tomar basado en esta informaci\u00f3n as\u00ed como por los posibles errores tipogr\u00e1ficos que puedan contener los documentos y gr\u00e1ficos de la P\u00e1gina. La informaci\u00f3n est\u00e1 sometida a posibles cambios peri\u00f3dicos sin previo aviso de su contenido por ampliaci\u00f3n mejora correcci\u00f3n o actualizaci\u00f3n de los Contenidos. <b><u>Notificaciones <\/u><\/b> Todas las notificaciones y comunicaciones por parte de JOSE PELLUZ al Usuario realizados por cualquier medio se considerar\u00e1n eficaces a todos los efectos. <b><u>Disponibilidad de los Contenidos <\/u><\/b> La prestaci\u00f3n del servicio de la P\u00e1gina y de los Contenidos tiene en principio duraci\u00f3n indefinida. JOSE PELLUZ no obstante queda autorizada para dar por terminada o suspender la prestaci\u00f3n del servicio de la P\u00e1gina y\/o de cualquiera de los Contenidos en cualquier momento. Cuando ello sea razonablemente posible JOSE PELLUZ advertir\u00e1 previamente la terminaci\u00f3n o suspensi\u00f3n de la P\u00e1gina. <b><u>Protecci\u00f3n de Datos de Car\u00e1cter Personal <\/u><\/b> JOSE PELLUZ es consciente de la importancia de la privacidad de los datos de car\u00e1cter personal y por ello ha implementado una pol\u00edtica de tratamiento de datos orientada a proveer la m\u00e1xima seguridad en el uso y recogida de los mismos garantizando el cumplimiento de la normativa vigente en la materia y configurando dicha pol\u00edtica como uno de los pilares b\u00e1sicos en las l\u00edneas de actuaci\u00f3n de la entidad. Durante la navegaci\u00f3n a trav\u00e9s de la web www.josepelluz.com es posible que se soliciten datos de car\u00e1cter personal a trav\u00e9s de diferentes formularios dispuestos al efecto. Dichos datos formar\u00e1n parte de los pertinentes ficheros en funci\u00f3n de la finalidad determinada y concreta que motiva el recabo de los mismos. De esta forma la informaci\u00f3n particular de cada tratamiento de datos se aportar\u00e1 junto a cada formulario web siendo com\u00fan a todos ellos el responsable del fichero: JOSE PELLUZ BERNAL domiciliada en la Vereda del catal\u00e1n 39 30162 de Santa cruz (Murcia) as\u00ed como el lugar y forma de ejercicio de los derechos de acceso rectificaci\u00f3n cancelaci\u00f3n y oposici\u00f3n que deber\u00e1 formalizarse mediante una comunicaci\u00f3n escrita a la direcci\u00f3n indicada anteriormente incluyendo copia del DNI o documento identificativo equivalente. En el supuesto de que aporte sus datos a trav\u00e9s de un mensaje de correo electr\u00f3nico el mismo formar\u00e1 parte de un fichero cuya finalidad ser\u00e1 la gesti\u00f3n de la solicitud o comentario que nos realiza siendo aplicables el resto de extremos indicados en el p\u00e1rrafo anterior. Asimismo las condiciones generales de contrataci\u00f3n de los servicios de JOSE PELLUZ contienen las caracter\u00edsticas y naturaleza del tratamiento de los datos que ser\u00e1n desarrollados por la misma en el supuesto de que contrate cualquiera de ellos. Por otro lado JOSE PELLUZ ha implantado las medidas t\u00e9cnicas y organizativas necesarias para evitar la p\u00e9rdida mal uso alteraci\u00f3n acceso no autorizado y robo de los Datos Personales que los interesados pudieran facilitar como consecuencia del acceso a las diferentes secciones del website www.de-juan.es aplicando las medidas de seguridad contempladas en el Real Decreto 1720\/2007 de 21 de diciembre por el que se aprueba el Reglamento de desarrollo de la Ley Org\u00e1nica 15\/1999 de 13 de diciembre de Protecci\u00f3n de Datos de Car\u00e1cter Personal. <b><u>Jurisdicci\u00f3n<\/u><\/b> Para cuantas cuestiones se susciten sobre la interpretaci\u00f3n aplicaci\u00f3n y cumplimiento de este Aviso Legal as\u00ed como de las reclamaciones que puedan derivarse de su uso todos las partes intervinientes se someten a los Jueces y Tribunales de Murcia renunciando de forma expresa a cualquier otro fuero que pudiera corresponderles. <b><u>Legislaci\u00f3n aplicable<\/u><\/b> El Aviso Legal se rige por la ley espa\u00f1ola. Copyright\u00a9 JOSE PELLUZ. Reservados todos los derechos de autor por las leyes y tratados internacionales de propiedad intelectual. Queda expresamente prohibida su copia reproducci\u00f3n o difusi\u00f3n total o parcial por cualquier medio.<\/p>\n","protected":false},"excerpt":{"rendered":"<p>AVISO LEGALDatos identificativos del titular del sitio web En cumplimiento del deber de informaci\u00f3n estipulado en el art\u00edculo 10 de&#8230;<\/p>\n","protected":false},"author":1,"featured_media":0,"parent":0,"menu_order":0,"comment_status":"closed","ping_status":"open","template":"","meta":{"footnotes":""},"yst_prominent_words":[75,74,98,100,91,67,76,95,66,94,99,68,65,71,93,70,69,97,92,96],"class_list":["post-2453","page","type-page","status-publish","hentry"],"_links":{"self":[{"href":"https:\/\/www.de-juan.es\/en\/wp-json\/wp\/v2\/pages\/2453","targetHints":{"allow":["GET"]}}],"collection":[{"href":"https:\/\/www.de-juan.es\/en\/wp-json\/wp\/v2\/pages"}],"about":[{"href":"https:\/\/www.de-juan.es\/en\/wp-json\/wp\/v2\/types\/page"}],"author":[{"embeddable":true,"href":"https:\/\/www.de-juan.es\/en\/wp-json\/wp\/v2\/users\/1"}],"replies":[{"embeddable":true,"href":"https:\/\/www.de-juan.es\/en\/wp-json\/wp\/v2\/comments?post=2453"}],"version-history":[{"count":0,"href":"https:\/\/www.de-juan.es\/en\/wp-json\/wp\/v2\/pages\/2453\/revisions"}],"wp:attachment":[{"href":"https:\/\/www.de-juan.es\/en\/wp-json\/wp\/v2\/media?parent=2453"}],"wp:term":[{"taxonomy":"yst_prominent_words","embeddable":true,"href":"https:\/\/www.de-juan.es\/en\/wp-json\/wp\/v2\/yst_prominent_words?post=2453"}],"curies":[{"name":"wp","href":"https:\/\/api.w.org\/{rel}","templated":true}]}}